{"id":43,"date":"2020-10-22T19:08:58","date_gmt":"2020-10-22T17:08:58","guid":{"rendered":"http:\/\/jultin-et-tartempion.fr\/?page_id=43"},"modified":"2020-11-24T15:08:26","modified_gmt":"2020-11-24T14:08:26","slug":"a-propos","status":"publish","type":"page","link":"https:\/\/jultin-et-tartempion.fr\/index.php\/a-propos\/","title":{"rendered":"La marque"},"content":{"rendered":"\t\t<div data-elementor-type=\"wp-page\" data-elementor-id=\"43\" class=\"elementor elementor-43\" data-elementor-settings=\"[]\">\n\t\t\t\t\t\t<div class=\"elementor-inner\">\n\t\t\t\t\t\t\t<div class=\"elementor-section-wrap\">\n\t\t\t\t\t\t\t<section class=\"elementor-section elementor-top-section elementor-element elementor-element-080b3e9 elementor-section-boxed elementor-section-height-default elementor-section-height-default qodef-elementor-content-no\" data-id=\"080b3e9\" data-element_type=\"section\">\n\t\t\t\t\t\t<div class=\"elementor-container elementor-column-gap-default\">\n\t\t\t\t\t\t\t<div class=\"elementor-row\">\n\t\t\t\t\t<div class=\"elementor-column elementor-col-50 elementor-top-column elementor-element elementor-element-8e13ad2\" data-id=\"8e13ad2\" data-element_type=\"column\">\n\t\t\t<div class=\"elementor-column-wrap elementor-element-populated\">\n\t\t\t\t\t\t\t<div class=\"elementor-widget-wrap\">\n\t\t\t\t\t\t<div class=\"elementor-element elementor-element-b7bfb77 elementor-widget elementor-widget-spacer\" data-id=\"b7bfb77\" data-element_type=\"widget\" data-widget_type=\"spacer.default\">\n\t\t\t\t<div class=\"elementor-widget-container\">\n\t\t\t\t\t<div class=\"elementor-spacer\">\n\t\t\t<div class=\"elementor-spacer-inner\"><\/div>\n\t\t<\/div>\n\t\t\t\t<\/div>\n\t\t\t\t<\/div>\n\t\t\t\t<div class=\"elementor-element elementor-element-98c6e1e elementor-widget elementor-widget-heading\" data-id=\"98c6e1e\" data-element_type=\"widget\" data-widget_type=\"heading.default\">\n\t\t\t\t<div class=\"elementor-widget-container\">\n\t\t\t<h6 class=\"elementor-heading-title elementor-size-default\">1\u2022 Jultin &amp; Tartempion<\/h6>\t\t<\/div>\n\t\t\t\t<\/div>\n\t\t\t\t\t\t<\/div>\n\t\t\t\t\t<\/div>\n\t\t<\/div>\n\t\t\t\t<div class=\"elementor-column elementor-col-50 elementor-top-column elementor-element elementor-element-3f0787a\" data-id=\"3f0787a\" data-element_type=\"column\">\n\t\t\t<div class=\"elementor-column-wrap elementor-element-populated\">\n\t\t\t\t\t\t\t<div class=\"elementor-widget-wrap\">\n\t\t\t\t\t\t<div class=\"elementor-element elementor-element-526d43a elementor-widget-divider--view-line elementor-widget elementor-widget-divider\" data-id=\"526d43a\" data-element_type=\"widget\" data-widget_type=\"divider.default\">\n\t\t\t\t<div class=\"elementor-widget-container\">\n\t\t\t\t\t<div class=\"elementor-divider\">\n\t\t\t<span class=\"elementor-divider-separator\">\n\t\t\t\t\t\t<\/span>\n\t\t<\/div>\n\t\t\t\t<\/div>\n\t\t\t\t<\/div>\n\t\t\t\t<div class=\"elementor-element elementor-element-eb890e7 elementor-widget elementor-widget-heading\" data-id=\"eb890e7\" data-element_type=\"widget\" data-widget_type=\"heading.default\">\n\t\t\t\t<div class=\"elementor-widget-container\">\n\t\t\t<h2 class=\"elementor-heading-title elementor-size-default\"><p style=\"caret-color: rgb(71, 71, 71); color: rgb(71, 71, 71); font-family: &quot;Alegreya Sans&quot;, sans-serif; font-size: 15px; font-weight: normal; white-space: normal;\"><i>L'histoire commence<\/i> entre deux amis imaginaires tout droit sortis de l'enfance.&nbsp;<\/p><p style=\"caret-color: rgb(71, 71, 71); color: rgb(71, 71, 71); font-family: &quot;Alegreya Sans&quot;, sans-serif; font-size: 15px; font-weight: normal; white-space: normal;\">L'un a depuis toujours en t\u00eate: des formes, des contre-formes, des couleurs, des motifs, des mati\u00e8res, des images, des \u00e9toiles, des nuages\u2026&nbsp;<\/p><p style=\"caret-color: rgb(71, 71, 71); color: rgb(71, 71, 71); font-family: &quot;Alegreya Sans&quot;, sans-serif; font-size: 15px; font-weight: normal; white-space: normal;\">L'autre r\u00eave de nature, de futur, d'\u00e9quilibre, de r\u00e9alisme et d'onirisme. Imaginez leur rencontre et entrez dans leur fabrique \u00e0 id\u00e9es.<\/p><\/h2>\t\t<\/div>\n\t\t\t\t<\/div>\n\t\t\t\t\t\t<\/div>\n\t\t\t\t\t<\/div>\n\t\t<\/div>\n\t\t\t\t\t\t\t\t<\/div>\n\t\t\t\t\t<\/div>\n\t\t<\/section>\n\t\t\t\t<section class=\"elementor-section elementor-top-section elementor-element elementor-element-9f48c75 elementor-section-boxed elementor-section-height-default elementor-section-height-default qodef-elementor-content-no\" data-id=\"9f48c75\" data-element_type=\"section\">\n\t\t\t\t\t\t<div class=\"elementor-container elementor-column-gap-default\">\n\t\t\t\t\t\t\t<div class=\"elementor-row\">\n\t\t\t\t\t<div class=\"elementor-column elementor-col-50 elementor-top-column elementor-element elementor-element-4c71588\" data-id=\"4c71588\" data-element_type=\"column\">\n\t\t\t<div class=\"elementor-column-wrap elementor-element-populated\">\n\t\t\t\t\t\t\t<div class=\"elementor-widget-wrap\">\n\t\t\t\t\t\t<div class=\"elementor-element elementor-element-cea892d elementor-widget-divider--view-line elementor-widget elementor-widget-divider\" data-id=\"cea892d\" data-element_type=\"widget\" data-widget_type=\"divider.default\">\n\t\t\t\t<div class=\"elementor-widget-container\">\n\t\t\t\t\t<div class=\"elementor-divider\">\n\t\t\t<span class=\"elementor-divider-separator\">\n\t\t\t\t\t\t<\/span>\n\t\t<\/div>\n\t\t\t\t<\/div>\n\t\t\t\t<\/div>\n\t\t\t\t<div class=\"elementor-element elementor-element-10942ed elementor-widget elementor-widget-text-editor\" data-id=\"10942ed\" data-element_type=\"widget\" data-widget_type=\"text-editor.default\">\n\t\t\t\t<div class=\"elementor-widget-container\">\n\t\t\t\t\t<div class=\"elementor-text-editor elementor-clearfix\"><p><em>Jultin &amp; Tartempion<\/em> invente des objets graphiques originaux pour les grands et les petits. Nos produits sont \u00e9co-con\u00e7us en Bretagne dans le Morbihan et fabriqu\u00e9s en France (r\u00e9alisations bois \u00e0 Vannes et impressions dans le Morbihan, en Vend\u00e9e, en Normandie\u2026). Nous s\u00e9lectionnons des mat\u00e9riaux et des processus de fabrication \u00e9cologiques et locaux. Quand cela est possible, nous orientons vers des solutions de conditionnement z\u00e9ro d\u00e9chets et des options de distribution locale (boutiques locales partenaires, solution <i>clic &amp; collect, <\/i>livraison \u00e0 v\u00e9lo\u2026).<\/p><\/div>\n\t\t\t\t<\/div>\n\t\t\t\t<\/div>\n\t\t\t\t\t\t<\/div>\n\t\t\t\t\t<\/div>\n\t\t<\/div>\n\t\t\t\t<div class=\"elementor-column elementor-col-50 elementor-top-column elementor-element elementor-element-99f45e6\" data-id=\"99f45e6\" data-element_type=\"column\">\n\t\t\t<div class=\"elementor-column-wrap elementor-element-populated\">\n\t\t\t\t\t\t\t<div class=\"elementor-widget-wrap\">\n\t\t\t\t\t\t<div class=\"elementor-element elementor-element-1ba0e17 elementor-widget elementor-widget-spacer\" data-id=\"1ba0e17\" data-element_type=\"widget\" data-widget_type=\"spacer.default\">\n\t\t\t\t<div class=\"elementor-widget-container\">\n\t\t\t\t\t<div class=\"elementor-spacer\">\n\t\t\t<div class=\"elementor-spacer-inner\"><\/div>\n\t\t<\/div>\n\t\t\t\t<\/div>\n\t\t\t\t<\/div>\n\t\t\t\t<div class=\"elementor-element elementor-element-a3313df elementor-widget elementor-widget-heading\" data-id=\"a3313df\" data-element_type=\"widget\" data-widget_type=\"heading.default\">\n\t\t\t\t<div class=\"elementor-widget-container\">\n\t\t\t<h6 class=\"elementor-heading-title elementor-size-default\">2. nos engagements<\/h6>\t\t<\/div>\n\t\t\t\t<\/div>\n\t\t\t\t<div class=\"elementor-element elementor-element-4b2663d elementor-widget elementor-widget-spacer\" data-id=\"4b2663d\" data-element_type=\"widget\" data-widget_type=\"spacer.default\">\n\t\t\t\t<div class=\"elementor-widget-container\">\n\t\t\t\t\t<div class=\"elementor-spacer\">\n\t\t\t<div class=\"elementor-spacer-inner\"><\/div>\n\t\t<\/div>\n\t\t\t\t<\/div>\n\t\t\t\t<\/div>\n\t\t\t\t\t\t<\/div>\n\t\t\t\t\t<\/div>\n\t\t<\/div>\n\t\t\t\t\t\t\t\t<\/div>\n\t\t\t\t\t<\/div>\n\t\t<\/section>\n\t\t\t\t<section class=\"elementor-section elementor-top-section elementor-element elementor-element-e333ee9 elementor-section-boxed elementor-section-height-default elementor-section-height-default qodef-elementor-content-no\" data-id=\"e333ee9\" data-element_type=\"section\">\n\t\t\t\t\t\t<div class=\"elementor-container elementor-column-gap-default\">\n\t\t\t\t\t\t\t<div class=\"elementor-row\">\n\t\t\t\t\t<div class=\"elementor-column elementor-col-50 elementor-top-column elementor-element elementor-element-3eb83bb\" data-id=\"3eb83bb\" data-element_type=\"column\">\n\t\t\t<div class=\"elementor-column-wrap elementor-element-populated\">\n\t\t\t\t\t\t\t<div class=\"elementor-widget-wrap\">\n\t\t\t\t\t\t<div class=\"elementor-element elementor-element-709f659 elementor-widget elementor-widget-spacer\" data-id=\"709f659\" data-element_type=\"widget\" data-widget_type=\"spacer.default\">\n\t\t\t\t<div class=\"elementor-widget-container\">\n\t\t\t\t\t<div class=\"elementor-spacer\">\n\t\t\t<div class=\"elementor-spacer-inner\"><\/div>\n\t\t<\/div>\n\t\t\t\t<\/div>\n\t\t\t\t<\/div>\n\t\t\t\t<div class=\"elementor-element elementor-element-924bf1f elementor-widget elementor-widget-heading\" data-id=\"924bf1f\" data-element_type=\"widget\" data-widget_type=\"heading.default\">\n\t\t\t\t<div class=\"elementor-widget-container\">\n\t\t\t<h6 class=\"elementor-heading-title elementor-size-default\">3. processus cr\u00e9atif<\/h6>\t\t<\/div>\n\t\t\t\t<\/div>\n\t\t\t\t\t\t<\/div>\n\t\t\t\t\t<\/div>\n\t\t<\/div>\n\t\t\t\t<div class=\"elementor-column elementor-col-50 elementor-top-column elementor-element elementor-element-89088f6\" data-id=\"89088f6\" data-element_type=\"column\">\n\t\t\t<div class=\"elementor-column-wrap elementor-element-populated\">\n\t\t\t\t\t\t\t<div class=\"elementor-widget-wrap\">\n\t\t\t\t\t\t<div class=\"elementor-element elementor-element-727780f elementor-widget-divider--view-line elementor-widget elementor-widget-divider\" data-id=\"727780f\" data-element_type=\"widget\" data-widget_type=\"divider.default\">\n\t\t\t\t<div class=\"elementor-widget-container\">\n\t\t\t\t\t<div class=\"elementor-divider\">\n\t\t\t<span class=\"elementor-divider-separator\">\n\t\t\t\t\t\t<\/span>\n\t\t<\/div>\n\t\t\t\t<\/div>\n\t\t\t\t<\/div>\n\t\t\t\t<div class=\"elementor-element elementor-element-6a5e255 elementor-widget elementor-widget-text-editor\" data-id=\"6a5e255\" data-element_type=\"widget\" data-widget_type=\"text-editor.default\">\n\t\t\t\t<div class=\"elementor-widget-container\">\n\t\t\t\t\t<div class=\"elementor-text-editor elementor-clearfix\"><p><i>Nos objets<\/i> peuvent \u00eatre produits en grande quantit\u00e9 ou \u00e0 l&#8217;unit\u00e9. Cela nous permet d&#8217;imaginer des prototypes au gr\u00e9 des id\u00e9es et des saisons. Nous pouvons adapter certains mod\u00e8les \u00e0 vos dimensions (mobilier par exemple) et \u00e0 vos pr\u00e9f\u00e9rences couleur. N&#8217;h\u00e9sitez pas \u00e0 nous contacter pour une demande de devis sp\u00e9cifique.<\/p><\/div>\n\t\t\t\t<\/div>\n\t\t\t\t<\/div>\n\t\t\t\t<div class=\"elementor-element elementor-element-bef1e90 elementor-align-center elementor-widget elementor-widget-button\" data-id=\"bef1e90\" data-element_type=\"widget\" data-widget_type=\"button.default\">\n\t\t\t\t<div class=\"elementor-widget-container\">\n\t\t\t\t\t<div class=\"elementor-button-wrapper\">\n\t\t\t<a href=\"#contact\" class=\"elementor-button-link elementor-button elementor-size-sm\" role=\"button\">\n\t\t\t\t\t\t<span class=\"elementor-button-content-wrapper\">\n\t\t\t\t\t\t<span class=\"elementor-button-text\">contactez nous<\/span>\n\t\t<\/span>\n\t\t\t\t\t<\/a>\n\t\t<\/div>\n\t\t\t\t<\/div>\n\t\t\t\t<\/div>\n\t\t\t\t\t\t<\/div>\n\t\t\t\t\t<\/div>\n\t\t<\/div>\n\t\t\t\t\t\t\t\t<\/div>\n\t\t\t\t\t<\/div>\n\t\t<\/section>\n\t\t\t\t<section class=\"elementor-section elementor-top-section elementor-element elementor-element-5541ad9 elementor-section-boxed elementor-section-height-default elementor-section-height-default qodef-elementor-content-no\" data-id=\"5541ad9\" data-element_type=\"section\">\n\t\t\t\t\t\t<div class=\"elementor-container elementor-column-gap-default\">\n\t\t\t\t\t\t\t<div class=\"elementor-row\">\n\t\t\t\t\t<div class=\"elementor-column elementor-col-100 elementor-top-column elementor-element elementor-element-eb3dbcb\" data-id=\"eb3dbcb\" data-element_type=\"column\">\n\t\t\t<div class=\"elementor-column-wrap\">\n\t\t\t\t\t\t\t<div class=\"elementor-widget-wrap\">\n\t\t\t\t\t\t\t\t<\/div>\n\t\t\t\t\t<\/div>\n\t\t<\/div>\n\t\t\t\t\t\t\t\t<\/div>\n\t\t\t\t\t<\/div>\n\t\t<\/section>\n\t\t\t\t\t\t<\/div>\n\t\t\t\t\t\t<\/div>\n\t\t\t\t\t<\/div>\n\t\t","protected":false},"excerpt":{"rendered":"<p>1\u2022 Jultin &amp; Tartempion L&#8217;histoire commence entre deux amis imaginaires tout droit sortis de l&#8217;enfance.&nbsp; L&#8217;un a depuis toujours en t\u00eate: des formes, des contre-formes, des couleurs, des motifs, des mati\u00e8res, des images, des \u00e9toiles, des nuages\u2026&nbsp; L&#8217;autre r\u00eave de nature, de futur, d&#8217;\u00e9quilibre, de r\u00e9alisme et d&#8217;onirisme. Imaginez leur rencontre et entrez dans leur [&hellip;]<\/p>\n","protected":false},"author":1,"featured_media":0,"parent":0,"menu_order":0,"comment_status":"closed","ping_status":"closed","template":"","meta":[],"_links":{"self":[{"href":"https:\/\/jultin-et-tartempion.fr\/index.php\/wp-json\/wp\/v2\/pages\/43"}],"collection":[{"href":"https:\/\/jultin-et-tartempion.fr\/index.php\/wp-json\/wp\/v2\/pages"}],"about":[{"href":"https:\/\/jultin-et-tartempion.fr\/index.php\/wp-json\/wp\/v2\/types\/page"}],"author":[{"embeddable":true,"href":"https:\/\/jultin-et-tartempion.fr\/index.php\/wp-json\/wp\/v2\/users\/1"}],"replies":[{"embeddable":true,"href":"https:\/\/jultin-et-tartempion.fr\/index.php\/wp-json\/wp\/v2\/comments?post=43"}],"version-history":[{"count":19,"href":"https:\/\/jultin-et-tartempion.fr\/index.php\/wp-json\/wp\/v2\/pages\/43\/revisions"}],"predecessor-version":[{"id":5098,"href":"https:\/\/jultin-et-tartempion.fr\/index.php\/wp-json\/wp\/v2\/pages\/43\/revisions\/5098"}],"wp:attachment":[{"href":"https:\/\/jultin-et-tartempion.fr\/index.php\/wp-json\/wp\/v2\/media?parent=43"}],"curies":[{"name":"wp","href":"https:\/\/api.w.org\/{rel}","templated":true}]}}