{"id":5056,"date":"2020-11-16T11:33:30","date_gmt":"2020-11-16T10:33:30","guid":{"rendered":"https:\/\/jultin-et-tartempion.fr\/?page_id=5056"},"modified":"2020-11-25T13:58:55","modified_gmt":"2020-11-25T12:58:55","slug":"mentions-legales","status":"publish","type":"page","link":"https:\/\/jultin-et-tartempion.fr\/index.php\/mentions-legales\/","title":{"rendered":"Mentions l\u00e9gales"},"content":{"rendered":"\t\t<div data-elementor-type=\"wp-page\" data-elementor-id=\"5056\" class=\"elementor elementor-5056\" data-elementor-settings=\"[]\">\n\t\t\t\t\t\t<div class=\"elementor-inner\">\n\t\t\t\t\t\t\t<div class=\"elementor-section-wrap\">\n\t\t\t\t\t\t\t<section class=\"elementor-section elementor-top-section elementor-element elementor-element-fc68443 elementor-section-boxed elementor-section-height-default elementor-section-height-default qodef-elementor-content-no\" data-id=\"fc68443\" data-element_type=\"section\">\n\t\t\t\t\t\t<div class=\"elementor-container elementor-column-gap-default\">\n\t\t\t\t\t\t\t<div class=\"elementor-row\">\n\t\t\t\t\t<div class=\"elementor-column elementor-col-100 elementor-top-column elementor-element elementor-element-0605b65\" data-id=\"0605b65\" data-element_type=\"column\">\n\t\t\t<div class=\"elementor-column-wrap elementor-element-populated\">\n\t\t\t\t\t\t\t<div class=\"elementor-widget-wrap\">\n\t\t\t\t\t\t<div class=\"elementor-element elementor-element-b70aa89 elementor-widget elementor-widget-text-editor\" data-id=\"b70aa89\" data-element_type=\"widget\" data-widget_type=\"text-editor.default\">\n\t\t\t\t<div class=\"elementor-widget-container\">\n\t\t\t\t\t<div class=\"elementor-text-editor elementor-clearfix\"><p style=\"margin-top: 0px; margin-bottom: 0px; background-position: initial; pointer-events: auto; font-size: 18px; line-height: 1.75em; color: #000000; letter-spacing: normal; text-align: center;\"><span style=\"background-position: initial; color: rgb(var(--color_15));\"><em>Identit\u00e9 :<\/em><br \/>Jultin &amp; Tartempion<\/span><\/p><p style=\"margin-top: 0px; margin-bottom: 0px; background-position: initial; pointer-events: auto; font-size: 18px; line-height: 1.75em; color: #000000; letter-spacing: normal; text-align: center;\"><span style=\"background-position: initial; color: rgb(var(--color_15));\">Repr\u00e9sent\u00e9 par HW LAB (Helloworld)\u00a0<\/span><\/p><p style=\"margin-top: 0px; margin-bottom: 0px; background-position: initial; pointer-events: auto; font-size: 18px; line-height: 1.75em; color: #000000; letter-spacing: normal; text-align: center;\">\u00a0<\/p><p style=\"margin-top: 0px; margin-bottom: 0px; background-position: initial; pointer-events: auto; font-size: 18px; line-height: 1.75em; color: #000000; letter-spacing: normal; text-align: center;\"><span style=\"background-position: initial; color: rgb(var(--color_15));\"><em>Adresse du si\u00e8ge social :\u00a0<\/em><br \/>2 rue Pierre et Marie Curie<\/span><\/p><p style=\"margin-top: 0px; margin-bottom: 0px; background-position: initial; pointer-events: auto; font-size: 18px; line-height: 1.75em; color: #000000; letter-spacing: normal; text-align: center;\"><span style=\"background-position: initial; color: rgb(var(--color_15));\">56000 Vannes<\/span><\/p><p style=\"margin-top: 0px; margin-bottom: 0px; background-position: initial; pointer-events: auto; font-size: 18px; line-height: 1.75em; color: #000000; letter-spacing: normal; text-align: center;\">\u00a0<\/p><p style=\"margin-top: 0px; margin-bottom: 0px; background-position: initial; pointer-events: auto; font-size: 18px; line-height: 1.75em; color: #000000; letter-spacing: normal; text-align: center;\"><span style=\"background-position: initial; color: rgb(var(--color_15));\"><em>Directeur de la publication :<\/em> <br \/>Lucie Cahu<\/span><\/p><p style=\"margin-top: 0px; margin-bottom: 0px; background-position: initial; pointer-events: auto; font-size: 18px; line-height: 1.75em; color: #000000; letter-spacing: normal; text-align: center;\"><span style=\"background-position: initial; color: rgb(var(--color_15));\"><em>Design du site :<\/em><br \/>Lucie Cahu<\/span><\/p><p>\u00a0<\/p><p style=\"margin-top: 0px; margin-bottom: 0px; background-position: initial; pointer-events: auto; font-size: 18px; line-height: 1.75em; color: #000000; letter-spacing: normal; text-align: center;\"><span style=\"background-position: initial; color: rgb(var(--color_15));\"><em>H\u00e9bergeur<\/em> : OVH<br \/><em>G\u00e9n\u00e9rateur du site :<\/em> WordPress<br \/><\/span><\/p><p style=\"margin-top: 0px; margin-bottom: 0px; background-position: initial; pointer-events: auto; font-size: 18px; line-height: 1.75em; color: #000000; letter-spacing: normal; text-align: center;\">\u00a0<\/p><p style=\"margin-top: 0px; margin-bottom: 0px; background-position: initial; pointer-events: auto; font-size: 18px; line-height: 1.75em; color: #000000; letter-spacing: normal; text-align: center;\"><span style=\"background-position: initial; color: rgb(var(--color_15));\"><em>Donn\u00e9es personnelles :<\/em><br \/>Toutes vos donn\u00e9es personnelles <br \/>(noms, pr\u00e9noms, adresses, num\u00e9ros de t\u00e9l\u00e9phone\u2026) <br \/>sont destin\u00e9es \u00e0 Jultin &amp; Tartempion <br \/>pour la bonne ex\u00e9cution des commandes. <br \/>Et ne sont en aucun cas communiqu\u00e9es <br \/>ou revendues \u00e0 des tiers.<\/span><\/p><p style=\"margin-top: 0px; margin-bottom: 0px; background-position: initial; pointer-events: auto; font-size: 18px; line-height: 1.75em; color: #000000; letter-spacing: normal; text-align: center;\">\u00a0<\/p><\/div>\n\t\t\t\t<\/div>\n\t\t\t\t<\/div>\n\t\t\t\t\t\t<\/div>\n\t\t\t\t\t<\/div>\n\t\t<\/div>\n\t\t\t\t\t\t\t\t<\/div>\n\t\t\t\t\t<\/div>\n\t\t<\/section>\n\t\t\t\t\t\t<\/div>\n\t\t\t\t\t\t<\/div>\n\t\t\t\t\t<\/div>\n\t\t","protected":false},"excerpt":{"rendered":"<p>Identit\u00e9 :Jultin &amp; Tartempion Repr\u00e9sent\u00e9 par HW LAB (Helloworld)\u00a0 \u00a0 Adresse du si\u00e8ge social :\u00a02 rue Pierre et Marie Curie 56000 Vannes \u00a0 Directeur de la publication : Lucie Cahu Design du site :Lucie Cahu \u00a0 H\u00e9bergeur : OVHG\u00e9n\u00e9rateur du site : WordPress \u00a0 Donn\u00e9es personnelles :Toutes vos donn\u00e9es personnelles (noms, pr\u00e9noms, adresses, num\u00e9ros de [&hellip;]<\/p>\n","protected":false},"author":1,"featured_media":0,"parent":0,"menu_order":0,"comment_status":"closed","ping_status":"closed","template":"","meta":[],"_links":{"self":[{"href":"https:\/\/jultin-et-tartempion.fr\/index.php\/wp-json\/wp\/v2\/pages\/5056"}],"collection":[{"href":"https:\/\/jultin-et-tartempion.fr\/index.php\/wp-json\/wp\/v2\/pages"}],"about":[{"href":"https:\/\/jultin-et-tartempion.fr\/index.php\/wp-json\/wp\/v2\/types\/page"}],"author":[{"embeddable":true,"href":"https:\/\/jultin-et-tartempion.fr\/index.php\/wp-json\/wp\/v2\/users\/1"}],"replies":[{"embeddable":true,"href":"https:\/\/jultin-et-tartempion.fr\/index.php\/wp-json\/wp\/v2\/comments?post=5056"}],"version-history":[{"count":8,"href":"https:\/\/jultin-et-tartempion.fr\/index.php\/wp-json\/wp\/v2\/pages\/5056\/revisions"}],"predecessor-version":[{"id":5123,"href":"https:\/\/jultin-et-tartempion.fr\/index.php\/wp-json\/wp\/v2\/pages\/5056\/revisions\/5123"}],"wp:attachment":[{"href":"https:\/\/jultin-et-tartempion.fr\/index.php\/wp-json\/wp\/v2\/media?parent=5056"}],"curies":[{"name":"wp","href":"https:\/\/api.w.org\/{rel}","templated":true}]}}