{"id":5089,"date":"2020-11-24T11:33:45","date_gmt":"2020-11-24T10:33:45","guid":{"rendered":"https:\/\/jultin-et-tartempion.fr\/?post_type=product&#038;p=5089"},"modified":"2022-01-19T21:24:53","modified_gmt":"2022-01-19T20:24:53","slug":"le-havre-skyline-60-cm","status":"publish","type":"product","link":"https:\/\/jultin-et-tartempion.fr\/index.php\/product\/le-havre-skyline-60-cm\/","title":{"rendered":"Le Havre \u2022 Silhouette 60 cm"},"content":{"rendered":"","protected":false},"excerpt":{"rendered":"<p><strong>Skyline de la ville du Havre interpr\u00eat\u00e9e.<\/strong><\/p>\n<p>Peuplier 5mm, d\u00e9coup\u00e9 au laser.<\/p>\n<p>Dimensions 60 cm x 30 cm.<\/p>\n<p><strong>Point de vente<\/strong><br \/>\nCe produit estdisponible directement \u00e0 la vente exclusivement dans la boutique \u00e9ph\u00e9m\u00e8re Greenp&#8217;Iz de l&#8217;espace Coty du Havre et sur<a href=\"https:\/\/popiz.hiboutik.com\/shop\/?page=product&amp;id=6617\"> la boutique en ligne associ\u00e9e.<\/a><\/p>\n","protected":false},"featured_media":4908,"template":"","meta":[],"_links":{"self":[{"href":"https:\/\/jultin-et-tartempion.fr\/index.php\/wp-json\/wp\/v2\/product\/5089"}],"collection":[{"href":"https:\/\/jultin-et-tartempion.fr\/index.php\/wp-json\/wp\/v2\/product"}],"about":[{"href":"https:\/\/jultin-et-tartempion.fr\/index.php\/wp-json\/wp\/v2\/types\/product"}],"wp:featuredmedia":[{"embeddable":true,"href":"https:\/\/jultin-et-tartempion.fr\/index.php\/wp-json\/wp\/v2\/media\/4908"}],"wp:attachment":[{"href":"https:\/\/jultin-et-tartempion.fr\/index.php\/wp-json\/wp\/v2\/media?parent=5089"}],"curies":[{"name":"wp","href":"https:\/\/api.w.org\/{rel}","templated":true}]}}