{"id":5165,"date":"2021-01-14T12:53:02","date_gmt":"2021-01-14T11:53:02","guid":{"rendered":"https:\/\/jultin-et-tartempion.fr\/?post_type=product&#038;p=5165"},"modified":"2022-01-19T21:28:12","modified_gmt":"2022-01-19T20:28:12","slug":"aire-sur-la-lys-skyline-65-cm-sur-mesure","status":"publish","type":"product","link":"https:\/\/jultin-et-tartempion.fr\/index.php\/product\/aire-sur-la-lys-skyline-65-cm-sur-mesure\/","title":{"rendered":"Aire-Sur-La-Lys \u2022 Silhouette 65 cm \u2022 Sur mesure"},"content":{"rendered":"","protected":false},"excerpt":{"rendered":"<p>Ce produit n&#8217;est pas disponible \u00e0 la vente. Il s&#8217;agit d&#8217;une commande priv\u00e9e sur mesure.<br \/>\nVous aussi, vous pouvez proposer votre ville ou votre village en cr\u00e9ation sur mesure et nous \u00e9tudierons avec vous la faisabilit\u00e9 de cette skyline unique avant de r\u00e9aliser son dessin et de lancer sa fabrication.<\/p>\n","protected":false},"featured_media":5166,"template":"","meta":[],"_links":{"self":[{"href":"https:\/\/jultin-et-tartempion.fr\/index.php\/wp-json\/wp\/v2\/product\/5165"}],"collection":[{"href":"https:\/\/jultin-et-tartempion.fr\/index.php\/wp-json\/wp\/v2\/product"}],"about":[{"href":"https:\/\/jultin-et-tartempion.fr\/index.php\/wp-json\/wp\/v2\/types\/product"}],"wp:featuredmedia":[{"embeddable":true,"href":"https:\/\/jultin-et-tartempion.fr\/index.php\/wp-json\/wp\/v2\/media\/5166"}],"wp:attachment":[{"href":"https:\/\/jultin-et-tartempion.fr\/index.php\/wp-json\/wp\/v2\/media?parent=5165"}],"curies":[{"name":"wp","href":"https:\/\/api.w.org\/{rel}","templated":true}]}}