{"id":5173,"date":"2021-02-22T21:53:04","date_gmt":"2021-02-22T20:53:04","guid":{"rendered":"https:\/\/jultin-et-tartempion.fr\/?post_type=product&#038;p=5173"},"modified":"2022-01-19T21:12:47","modified_gmt":"2022-01-19T20:12:47","slug":"le-france-76-cm","status":"publish","type":"product","link":"https:\/\/jultin-et-tartempion.fr\/index.php\/product\/le-france-76-cm\/","title":{"rendered":"Le France \u2022 76 cm"},"content":{"rendered":"","protected":false},"excerpt":{"rendered":"<p><strong>Paquebot Le France r\u00e9interpr\u00eat\u00e9.<\/strong><\/p>\n<p>Peuplier 5mm, d\u00e9coup\u00e9 au laser.<\/p>\n<p>Dimensions 76 cm x 26 cm.<br \/>\nCouleur: Noir (existe en bois naturel \u00e9galement)<\/p>\n<p>&nbsp;<\/p>\n","protected":false},"featured_media":5176,"template":"","meta":[],"_links":{"self":[{"href":"https:\/\/jultin-et-tartempion.fr\/index.php\/wp-json\/wp\/v2\/product\/5173"}],"collection":[{"href":"https:\/\/jultin-et-tartempion.fr\/index.php\/wp-json\/wp\/v2\/product"}],"about":[{"href":"https:\/\/jultin-et-tartempion.fr\/index.php\/wp-json\/wp\/v2\/types\/product"}],"wp:featuredmedia":[{"embeddable":true,"href":"https:\/\/jultin-et-tartempion.fr\/index.php\/wp-json\/wp\/v2\/media\/5176"}],"wp:attachment":[{"href":"https:\/\/jultin-et-tartempion.fr\/index.php\/wp-json\/wp\/v2\/media?parent=5173"}],"curies":[{"name":"wp","href":"https:\/\/api.w.org\/{rel}","templated":true}]}}