{"id":5191,"date":"2021-06-29T20:05:39","date_gmt":"2021-06-29T18:05:39","guid":{"rendered":"https:\/\/jultin-et-tartempion.fr\/?post_type=product&#038;p=5191"},"modified":"2022-01-19T20:31:16","modified_gmt":"2022-01-19T19:31:16","slug":"cheveilleuses-hokusai","status":"publish","type":"product","link":"https:\/\/jultin-et-tartempion.fr\/index.php\/product\/cheveilleuses-hokusai\/","title":{"rendered":"Cheveilleuses Hokusa\u00ef"},"content":{"rendered":"","protected":false},"excerpt":{"rendered":"<p><strong>Description<\/strong><br \/>\n2 chevets ajour\u00e9s permettant d&#8217;\u00e9clairer la nuit, comme lampe de lecture ou veilleuse.<br \/>\nChaque chevet est ajour\u00e9 sur 3 c\u00f4t\u00e9s (face, lat\u00e9ral et dessus, le c\u00f4t\u00e9 contre le lit \u00e9tant plein), les deux chevets ont des dessins diff\u00e9rents.<\/p>\n<p><strong>Fabrication sous 3 semaines environ<\/strong><br \/>\nBois de peuplier fonc\u00e9, \u00e9paisseur 5 mm<br \/>\nPossibilit\u00e9 de cr\u00e9er un d\u00e9cor sur mesure \u00e0 partir d&#8217;une th\u00e9matique pr\u00e9cise.<br \/>\nChevets faisant partie de la collection Hokusa\u00ef.<\/p>\n","protected":false},"featured_media":5207,"template":"","meta":[],"_links":{"self":[{"href":"https:\/\/jultin-et-tartempion.fr\/index.php\/wp-json\/wp\/v2\/product\/5191"}],"collection":[{"href":"https:\/\/jultin-et-tartempion.fr\/index.php\/wp-json\/wp\/v2\/product"}],"about":[{"href":"https:\/\/jultin-et-tartempion.fr\/index.php\/wp-json\/wp\/v2\/types\/product"}],"wp:featuredmedia":[{"embeddable":true,"href":"https:\/\/jultin-et-tartempion.fr\/index.php\/wp-json\/wp\/v2\/media\/5207"}],"wp:attachment":[{"href":"https:\/\/jultin-et-tartempion.fr\/index.php\/wp-json\/wp\/v2\/media?parent=5191"}],"curies":[{"name":"wp","href":"https:\/\/api.w.org\/{rel}","templated":true}]}}