{"id":5216,"date":"2022-01-19T20:37:35","date_gmt":"2022-01-19T19:37:35","guid":{"rendered":"https:\/\/jultin-et-tartempion.fr\/?post_type=product&#038;p=5216"},"modified":"2022-01-19T21:34:39","modified_gmt":"2022-01-19T20:34:39","slug":"silhouette-belle-ile-en-mer","status":"publish","type":"product","link":"https:\/\/jultin-et-tartempion.fr\/index.php\/product\/silhouette-belle-ile-en-mer\/","title":{"rendered":"Silhouette Belle-\u00cele-en-Mer"},"content":{"rendered":"<p><strong>Silhouette de Belle-\u00cele-en-Mer (Bretagne).<\/strong><\/p>\n<p>Peuplier 5mm, d\u00e9coup\u00e9 au laser.<\/p>\n<p>Dimensions 75 cm x 30 cm.<\/p>\n<p>Un d\u00e9lais de 15 jours est \u00e0 compter entre la date de la commande et la livraison du produit.<\/p>\n<p>&nbsp;<\/p>\n","protected":false},"excerpt":{"rendered":"<p>Silhouette de Belle-\u00cele-en-Mer (Bretagne). Peuplier 5mm, d\u00e9coup\u00e9 au laser. Dimensions 75 cm x 30 cm. Un d\u00e9lais de 15 jours est \u00e0 compter entre la date de la commande et la livraison du produit. &nbsp;<\/p>\n","protected":false},"featured_media":5218,"template":"","meta":[],"_links":{"self":[{"href":"https:\/\/jultin-et-tartempion.fr\/index.php\/wp-json\/wp\/v2\/product\/5216"}],"collection":[{"href":"https:\/\/jultin-et-tartempion.fr\/index.php\/wp-json\/wp\/v2\/product"}],"about":[{"href":"https:\/\/jultin-et-tartempion.fr\/index.php\/wp-json\/wp\/v2\/types\/product"}],"wp:featuredmedia":[{"embeddable":true,"href":"https:\/\/jultin-et-tartempion.fr\/index.php\/wp-json\/wp\/v2\/media\/5218"}],"wp:attachment":[{"href":"https:\/\/jultin-et-tartempion.fr\/index.php\/wp-json\/wp\/v2\/media?parent=5216"}],"curies":[{"name":"wp","href":"https:\/\/api.w.org\/{rel}","templated":true}]}}